{"id":149,"date":"2019-07-24T10:20:55","date_gmt":"2019-07-24T10:20:55","guid":{"rendered":"https:\/\/www.midea.es\/akdmidea\/?page_id=149"},"modified":"2019-09-02T13:01:28","modified_gmt":"2019-09-02T11:01:28","slug":"agenda","status":"publish","type":"page","link":"https:\/\/www.midea.es\/akdmidea\/agenda\/","title":{"rendered":"Agenda"},"content":{"rendered":"<p><section id=\"agenda-header\" data-kc-fullwidth=\"row\" class=\"kc-elm kc-css-575160 kc_row\"><div class=\"kc-row-container  kc-container\"><div class=\"kc-wrap-columns\"><div class=\"kc-elm kc-css-125382 kc_col-sm-12 kc_column kc_col-sm-12\"><div class=\"kc-col-container\"><div class=\"kc-elm kc-css-91537\" style=\"height: 350px; clear: both; width:100%;\"><\/div><\/div><\/div><\/div><\/div><\/section><section class=\"kc-elm kc-css-365063 kc_row\"><div class=\"kc-row-container  kc-container\"><div class=\"kc-wrap-columns\"><div class=\"kc-elm kc-css-372580 kc_col-sm-12 kc_column kc_col-sm-12\"><div class=\"kc-col-container\"><div class=\"kc-elm kc-css-113008 kc_text_block\"><\/p>\n<p style=\"text-align: center;\">Descubre todos los cursos que Midea tiene preparados para ti en su centro <span class=\"bold_midea\">AKD<\/span><span class=\"lite_midea\">Midea<\/span>.<\/p>\n<p>\n<\/div><\/div><\/div><\/div><\/div><\/section><section class=\"kc-elm kc-css-491658 kc_row\"><div class=\"kc-row-container  kc-container\"><div class=\"kc-wrap-columns\"><div class=\"kc-elm kc-css-73048 kc_col-sm-12 kc_column kc_col-sm-12\"><div class=\"kc-col-container\"><div class=\"kc-elm kc-css-139336 list-post-type list-event event-tags evento-agenda\">\t\t\t<div class=\"list-item post-943 col-sm-6 col-xs-12 col-lg-4\">\n\t\t\t\t<div class=\"post-content\">\n\t\t\t\t\t<a href=\"https:\/\/www.midea.es\/akdmidea\/events\/sistema-vrf-de-midea\/\"><div class=\"over_miniatura\" style=\"background-image:url( https:\/\/www.midea.es\/akdmidea\/wp-content\/uploads\/2022\/03\/Nuevo-proyecto-21.png ); \" >\n\t\t\t\t\t\t<p class=\"txt_over_list\">+ INFO<\/p>\n\t\t\t\t\t\t<\/div><\/a>\n\t\t\t\t\t<figure>\n\t\t\t\t\t\t<img src=https:\/\/www.midea.es\/akdmidea\/wp-content\/uploads\/2022\/03\/Nuevo-proyecto-20.png alt=\"\" >\t\t\t\t\t<\/figure>\n\t\t\t\t\t<div class=\"agenda_date\">\n\t\t\t\t\t\t\t29\/03\/2022,  3:30 pm - 5:30 pm\t\t\t\t\t\t<\/div>\n\t\t\t\t\t<h3><a href=\"https:\/\/www.midea.es\/akdmidea\/events\/sistema-vrf-de-midea\/\">Sistema VRF de Midea<\/a><\/h3>\n\t\t\t\t\t<div class=\"kc-entry_meta\">\n\t\t\t\t\t\t\t\t\t\t\t<\/div>\n\t\t\t\t<!--\t<div class=\"text\">\n\t\t\t\t\t\t\t\t\t\t\t<\/div>-->\n\t\t\t\t\t<div class=\"txt_mas_info\">\n\t\t\t\t\t\t<a href=\"https:\/\/www.midea.es\/akdmidea\/events\/sistema-vrf-de-midea\/\">+ INFO<\/a>\n\n\t\t\t\t\t<\/div>\n\n\t\t\t\t\t\t\t\t\t\t\t<a class=\"kc-read-more\" href=\"https:\/\/www.midea.es\/akdmidea\/events\/sistema-vrf-de-midea\/\">Inscribirse<\/a>\n\t\t\t\t\t\t\t\t\t<\/div>\n\n\t\t\t<\/div>\n\t\t\t\t\t\t<div class=\"list-item post-939 col-sm-6 col-xs-12 col-lg-4\">\n\t\t\t\t<div class=\"post-content\">\n\t\t\t\t\t<a href=\"https:\/\/www.midea.es\/akdmidea\/events\/descubre-el-sistema-de-aerotermia-de-midea\/\"><div class=\"over_miniatura\" style=\"background-image:url( https:\/\/www.midea.es\/akdmidea\/wp-content\/uploads\/2022\/03\/Nuevo-proyecto-19.png ); \" >\n\t\t\t\t\t\t<p class=\"txt_over_list\">+ INFO<\/p>\n\t\t\t\t\t\t<\/div><\/a>\n\t\t\t\t\t<figure>\n\t\t\t\t\t\t<img src=https:\/\/www.midea.es\/akdmidea\/wp-content\/uploads\/2022\/03\/Nuevo-proyecto-18.png alt=\"\" >\t\t\t\t\t<\/figure>\n\t\t\t\t\t<div class=\"agenda_date\">\n\t\t\t\t\t\t\t30\/03\/2022,  3:30 pm - 5:30 pm\t\t\t\t\t\t<\/div>\n\t\t\t\t\t<h3><a href=\"https:\/\/www.midea.es\/akdmidea\/events\/descubre-el-sistema-de-aerotermia-de-midea\/\">Descubre el sistema de aerotermia de Midea<\/a><\/h3>\n\t\t\t\t\t<div class=\"kc-entry_meta\">\n\t\t\t\t\t\t\t\t\t\t\t<\/div>\n\t\t\t\t<!--\t<div class=\"text\">\n\t\t\t\t\t\t\t\t\t\t\t<\/div>-->\n\t\t\t\t\t<div class=\"txt_mas_info\">\n\t\t\t\t\t\t<a href=\"https:\/\/www.midea.es\/akdmidea\/events\/descubre-el-sistema-de-aerotermia-de-midea\/\">+ INFO<\/a>\n\n\t\t\t\t\t<\/div>\n\n\t\t\t\t\t\t\t\t\t\t\t<a class=\"kc-read-more\" href=\"https:\/\/www.midea.es\/akdmidea\/events\/descubre-el-sistema-de-aerotermia-de-midea\/\">Inscribirse<\/a>\n\t\t\t\t\t\t\t\t\t<\/div>\n\n\t\t\t<\/div>\n\t\t\t\t\t\t<div class=\"list-item post-921 col-sm-6 col-xs-12 col-lg-4\">\n\t\t\t\t<div class=\"post-content\">\n\t\t\t\t\t<a href=\"https:\/\/www.midea.es\/akdmidea\/events\/descubre-la-gama-domestica-de-midea\/\"><div class=\"over_miniatura\" style=\"background-image:url(  ); \" >\n\t\t\t\t\t\t<p class=\"txt_over_list\">+ INFO<\/p>\n\t\t\t\t\t\t<\/div><\/a>\n\t\t\t\t\t<figure>\n\t\t\t\t\t\t<img src=https:\/\/www.midea.es\/akdmidea\/wp-content\/uploads\/2021\/11\/Webinar-gama-residencial.png alt=\"\" >\t\t\t\t\t<\/figure>\n\t\t\t\t\t<div class=\"agenda_date\">\n\t\t\t\t\t\t\t15\/11\/2021 - 15\/12\/2021,  3:30 pm - 4:30 pm\t\t\t\t\t\t<\/div>\n\t\t\t\t\t<h3><a href=\"https:\/\/www.midea.es\/akdmidea\/events\/descubre-la-gama-domestica-de-midea\/\">Descubre la gama dom\u00e9stica de Midea<\/a><\/h3>\n\t\t\t\t\t<div class=\"kc-entry_meta\">\n\t\t\t\t\t\t\t\t\t\t\t<\/div>\n\t\t\t\t<!--\t<div class=\"text\">\n\t\t\t\t\t\t\t\t\t\t\t<\/div>-->\n\t\t\t\t\t<div class=\"txt_mas_info\">\n\t\t\t\t\t\t<a href=\"https:\/\/www.midea.es\/akdmidea\/events\/descubre-la-gama-domestica-de-midea\/\">+ INFO<\/a>\n\n\t\t\t\t\t<\/div>\n\n\t\t\t\t\t\t\t\t\t\t\t<a class=\"kc-read-more\" href=\"https:\/\/www.midea.es\/akdmidea\/events\/descubre-la-gama-domestica-de-midea\/\">Inscribirse<\/a>\n\t\t\t\t\t\t\t\t\t<\/div>\n\n\t\t\t<\/div>\n\t\t\t\t\t\t<div class=\"list-item post-917 col-sm-6 col-xs-12 col-lg-4\">\n\t\t\t\t<div class=\"post-content\">\n\t\t\t\t\t<a href=\"https:\/\/www.midea.es\/akdmidea\/events\/aerotermia-3\/\"><div class=\"over_miniatura\" style=\"background-image:url( https:\/\/www.midea.es\/akdmidea\/wp-content\/uploads\/2021\/05\/WEBINAR-CLIMA-aerotermia_Mesa-de-trabajo-1-copia.png ); \" >\n\t\t\t\t\t\t<p class=\"txt_over_list\">+ INFO<\/p>\n\t\t\t\t\t\t<\/div><\/a>\n\t\t\t\t\t<figure>\n\t\t\t\t\t\t<img src=https:\/\/www.midea.es\/akdmidea\/wp-content\/uploads\/2021\/05\/WEBINAR-CLIMA-aerotermia_Mesa-de-trabajo-1-copia.png alt=\"\" >\t\t\t\t\t<\/figure>\n\t\t\t\t\t<div class=\"agenda_date\">\n\t\t\t\t\t\t\t01\/06\/2021,  4:00 pm - 5:45 pm\t\t\t\t\t\t<\/div>\n\t\t\t\t\t<h3><a href=\"https:\/\/www.midea.es\/akdmidea\/events\/aerotermia-3\/\">AEROTERMIA<\/a><\/h3>\n\t\t\t\t\t<div class=\"kc-entry_meta\">\n\t\t\t\t\t\t\t\t\t\t\t<\/div>\n\t\t\t\t<!--\t<div class=\"text\">\n\t\t\t\t\t\t\t\t\t\t\t<\/div>-->\n\t\t\t\t\t<div class=\"txt_mas_info\">\n\t\t\t\t\t\t<a href=\"https:\/\/www.midea.es\/akdmidea\/events\/aerotermia-3\/\">+ INFO<\/a>\n\n\t\t\t\t\t<\/div>\n\n\t\t\t\t\t\t\t\t\t\t\t<a class=\"kc-read-more\" href=\"https:\/\/www.midea.es\/akdmidea\/events\/aerotermia-3\/\">Inscribirse<\/a>\n\t\t\t\t\t\t\t\t\t<\/div>\n\n\t\t\t<\/div>\n\t\t\t\t\t\t<div class=\"list-item post-903 col-sm-6 col-xs-12 col-lg-4\">\n\t\t\t\t<div class=\"post-content\">\n\t\t\t\t\t<a href=\"https:\/\/www.midea.es\/akdmidea\/events\/aerotermia-2\/\"><div class=\"over_miniatura\" style=\"background-image:url(  ); \" >\n\t\t\t\t\t\t<p class=\"txt_over_list\">+ INFO<\/p>\n\t\t\t\t\t\t<\/div><\/a>\n\t\t\t\t\t<figure>\n\t\t\t\t\t\t<img src=https:\/\/www.midea.es\/akdmidea\/wp-content\/uploads\/2020\/01\/Aerotermia-test.JPG.png alt=\"\" >\t\t\t\t\t<\/figure>\n\t\t\t\t\t<div class=\"agenda_date\">\n\t\t\t\t\t\t\t04\/05\/2021,  4:00 pm - 5:45 pm\t\t\t\t\t\t<\/div>\n\t\t\t\t\t<h3><a href=\"https:\/\/www.midea.es\/akdmidea\/events\/aerotermia-2\/\">AEROTERMIA<\/a><\/h3>\n\t\t\t\t\t<div class=\"kc-entry_meta\">\n\t\t\t\t\t\t\t\t\t\t\t<\/div>\n\t\t\t\t<!--\t<div class=\"text\">\n\t\t\t\t\t\t\t\t\t\t\t<\/div>-->\n\t\t\t\t\t<div class=\"txt_mas_info\">\n\t\t\t\t\t\t<a href=\"https:\/\/www.midea.es\/akdmidea\/events\/aerotermia-2\/\">+ INFO<\/a>\n\n\t\t\t\t\t<\/div>\n\n\t\t\t\t\t\t\t\t\t\t\t<a class=\"kc-read-more\" href=\"https:\/\/www.midea.es\/akdmidea\/events\/aerotermia-2\/\">Inscribirse<\/a>\n\t\t\t\t\t\t\t\t\t<\/div>\n\n\t\t\t<\/div>\n\t\t\t\t\t\t<div class=\"list-item post-888 col-sm-6 col-xs-12 col-lg-4\">\n\t\t\t\t<div class=\"post-content\">\n\t\t\t\t\t<a href=\"https:\/\/www.midea.es\/akdmidea\/events\/gama-domestica-midea-rac-y-lcac-3\/\"><div class=\"over_miniatura\" style=\"background-image:url( https:\/\/www.midea.es\/akdmidea\/wp-content\/uploads\/2021\/03\/WEBINAR-CLIMA_Mesa-de-trabajo-1-copia-3-e1614690469873.png ); \" >\n\t\t\t\t\t\t<p class=\"txt_over_list\">+ INFO<\/p>\n\t\t\t\t\t\t<\/div><\/a>\n\t\t\t\t\t<figure>\n\t\t\t\t\t\t<img src=https:\/\/www.midea.es\/akdmidea\/wp-content\/uploads\/2021\/03\/WEBINAR-CLIMA_Mesa-de-trabajo-1-copia-3-e1614690469873.png alt=\"\" >\t\t\t\t\t<\/figure>\n\t\t\t\t\t<div class=\"agenda_date\">\n\t\t\t\t\t\t\t18\/05\/2021,  4:00 pm - 5:00 pm\t\t\t\t\t\t<\/div>\n\t\t\t\t\t<h3><a href=\"https:\/\/www.midea.es\/akdmidea\/events\/gama-domestica-midea-rac-y-lcac-3\/\">Gama dom\u00e9stica y comercial de Midea \u2013 RAC y LCAC<\/a><\/h3>\n\t\t\t\t\t<div class=\"kc-entry_meta\">\n\t\t\t\t\t\t\t\t\t\t\t<\/div>\n\t\t\t\t<!--\t<div class=\"text\">\n\t\t\t\t\t\t\t\t\t\t\t<\/div>-->\n\t\t\t\t\t<div class=\"txt_mas_info\">\n\t\t\t\t\t\t<a href=\"https:\/\/www.midea.es\/akdmidea\/events\/gama-domestica-midea-rac-y-lcac-3\/\">+ INFO<\/a>\n\n\t\t\t\t\t<\/div>\n\n\t\t\t\t\t\t\t\t\t\t\t<a class=\"kc-read-more\" href=\"https:\/\/www.midea.es\/akdmidea\/events\/gama-domestica-midea-rac-y-lcac-3\/\">Inscribirse<\/a>\n\t\t\t\t\t\t\t\t\t<\/div>\n\n\t\t\t<\/div>\n\t\t\t<\/div><\/div><\/div><\/div><\/div><\/section><section class=\"kc-elm kc-css-387000 kc_row\"><div class=\"kc-row-container  kc-container\"><div class=\"kc-wrap-columns\"><div class=\"kc-elm kc-css-442832 kc_col-sm-12 kc_column kc_col-sm-12\"><div class=\"kc-col-container\"><div class=\"kc-elm kc-css-658814 kc_text_block\"><\/p>\n<div id=\"ajax-load-more\" class=\"ajax-load-more-wrap blue\" data-id=\"agenda_re_li\" data-alm-id=\"\" data-canonical-url=\"https:\/\/www.midea.es\/akdmidea\/events\/gama-domestica-midea-rac-y-lcac-3\/\" data-slug=\"gama-domestica-midea-rac-y-lcac-3\" data-post-id=\"888\"  data-localized=\"ajax_load_more_agenda_re_li_vars\" data-alm-object=\"ajax_load_more_agenda_re_li\">\n<div aria-live=\"polite\" aria-atomic=\"true\" class=\"alm-listing alm-ajax\" data-container-type=\"div\" data-loading-style=\"blue\" data-repeater=\"default\" data-post-type=\"event\" data-order=\"DESC\" data-orderby=\"date\" data-offset=\"6\" data-posts-per-page=\"3\" data-scroll=\"false\" data-pause=\"true\" data-button-label=\"VER M\u00c1S\" data-button-loading-label=\"CARGANDO EVENTOS\" data-prev-button-label=\"Load Previous\"><\/div>\n<div class=\"alm-btn-wrap\" data-rel=\"ajax-load-more\"><button class=\"alm-load-more-btn more \" type=\"button\">VER M\u00c1S<\/button><\/div>\n<\/div>\n<p>\n<\/div><\/div><\/div><\/div><\/div><\/section><section data-kc-fullwidth=\"row\" class=\"kc-elm kc-css-21723 kc_row\"><div class=\"kc-row-container  kc-container\"><div class=\"kc-wrap-columns\"><div class=\"kc-elm kc-css-813429 kc_col-sm-12 kc_column kc_col-sm-12\"><div class=\"kc-col-container\"><div class=\"kc-elm kc-css-988129 kc_text_block sub-bann-textblock\"><\/p>\n<h3><strong>AKD<\/strong><span class=\"lite_midea\">Midea<\/span><\/h3>\n<p class=\"reg\">Reg\u00edstrate<\/p>\n<p class=\"alta\"><a href=\"https:\/\/www.midea.es\/akdmidea\/registro\/\">Date de alta<\/a><\/p>\n<p>\n<\/div><\/div><\/div><\/div><\/div><\/section><\/p>\n","protected":false},"excerpt":{"rendered":"<p>18\/05\/2021 @ 4:00 pm &#8211; 5:00 pm &#8211; Requisitos para inscribirte en el curso: Formaci\u00f3n acad\u00e9mica relacionada con climatizaci\u00f3n: t\u00e9cnico frigorista, ingeniero t\u00e9cnico\/superior o similar. Conocimientos sobre instalaciones de climatizaci\u00f3n y bombas de calor (tecnolog\u00eda frigor\u00edfica, elementos y equipos que componen una instalaci\u00f3n, elementos de control). Contenidos del curso: 1- Esquema el\u00e9ctrico.\u00a0 2- Circuito frigor\u00edfico. 3- Carga adicional en circuitos. 4- Conexiones espec\u00edficas: [&#8230;]<\/p>\n","protected":false},"author":1,"featured_media":0,"parent":0,"menu_order":0,"comment_status":"closed","ping_status":"closed","template":"fullwidth.php","meta":{"_exactmetrics_skip_tracking":false,"_exactmetrics_sitenote_active":false,"_exactmetrics_sitenote_note":"","_exactmetrics_sitenote_category":0,"footnotes":""},"class_list":["post-149","page","type-page","status-publish","hentry"],"acf":[],"_links":{"self":[{"href":"https:\/\/www.midea.es\/akdmidea\/wp-json\/wp\/v2\/pages\/149","targetHints":{"allow":["GET"]}}],"collection":[{"href":"https:\/\/www.midea.es\/akdmidea\/wp-json\/wp\/v2\/pages"}],"about":[{"href":"https:\/\/www.midea.es\/akdmidea\/wp-json\/wp\/v2\/types\/page"}],"author":[{"embeddable":true,"href":"https:\/\/www.midea.es\/akdmidea\/wp-json\/wp\/v2\/users\/1"}],"replies":[{"embeddable":true,"href":"https:\/\/www.midea.es\/akdmidea\/wp-json\/wp\/v2\/comments?post=149"}],"version-history":[{"count":107,"href":"https:\/\/www.midea.es\/akdmidea\/wp-json\/wp\/v2\/pages\/149\/revisions"}],"predecessor-version":[{"id":750,"href":"https:\/\/www.midea.es\/akdmidea\/wp-json\/wp\/v2\/pages\/149\/revisions\/750"}],"wp:attachment":[{"href":"https:\/\/www.midea.es\/akdmidea\/wp-json\/wp\/v2\/media?parent=149"}],"curies":[{"name":"wp","href":"https:\/\/api.w.org\/{rel}","templated":true}]}}