{"id":24,"date":"2019-07-17T10:15:32","date_gmt":"2019-07-17T10:15:32","guid":{"rendered":"https:\/\/www.midea.es\/akdmidea\/?page_id=24"},"modified":"2022-03-18T09:58:19","modified_gmt":"2022-03-18T08:58:19","slug":"home","status":"publish","type":"page","link":"https:\/\/www.midea.es\/akdmidea\/","title":{"rendered":"Home"},"content":{"rendered":"<p><section id=\"home-header\" data-kc-fullwidth=\"row\" class=\"kc-elm kc-css-532376 kc_row\"><div class=\"kc-row-container  kc-container\"><div class=\"kc-wrap-columns\"><div class=\"kc-elm kc-css-654696 kc_col-sm-12 kc_column kc_col-sm-12\"><div class=\"kc-col-container\"><div class=\"kc-elm kc-css-520644 kc_shortcode kc_single_image\">\n\n        <img decoding=\"async\" src=\"https:\/\/www.midea.es\/akdmidea\/wp-content\/uploads\/2019\/08\/logo_AKDMIDEA-2.png\" class=\"header-logo\" alt=\"\" \/>    <\/div>\n<\/div><\/div><\/div><\/div><\/section><section class=\"kc-elm kc-css-984166 kc_row\"><div class=\"kc-row-container  kc-container\"><div class=\"kc-wrap-columns\"><div class=\"kc-elm kc-css-219763 kc_col-sm-12 kc_column kc_col-sm-12\"><div class=\"kc-col-container\"><div class=\"kc-elm kc-css-183191 kc_text_block\"><\/p>\n<p style=\"text-align: center;\">Bienvenido a <strong>AKD<\/strong><span class=\"lite_midea\">Midea<\/span>, nuestro centro de formaci\u00f3n<br \/>t\u00e9cnica para profesionales del sector de la climatizaci\u00f3n<\/p>\n<p>\n<\/div><\/div><\/div><\/div><\/div><\/section><section data-kc-fullwidth=\"row\" class=\"kc-elm kc-css-911137 kc_row\"><div class=\"kc-row-container  kc-container\"><div class=\"kc-wrap-columns\"><div class=\"kc-elm kc-css-821432 kc_col-sm-12 kc_column kc_col-sm-12\"><div class=\"kc-col-container\"><div class=\"kc-elm kc-css-26653 kc_text_block list-agenda-textblock\"><\/p>\n<p style=\"text-align: center;\"><span class=\"agenda_home_txt\" style=\"background: url('https:\/\/midea.es\/akdmidea\/wp-content\/uploads\/2019\/07\/ag-bg2.png') no-repeat; background-position-x: center;\">Agenda<\/span> <span class=\"ultimos_home_txt\">\u00daltimos cursos<\/span><\/p>\n<p>\n<\/div><div class=\"kc-elm kc-css-815725 list-post-type list-event event-tags evento-home\">\t\t\t<div class=\"list-item post-943 col-sm-6 col-xs-12 col-lg-4\">\n\t\t\t\t<div class=\"post-content\">\n\t\t\t\t\t<a href=\"https:\/\/www.midea.es\/akdmidea\/events\/sistema-vrf-de-midea\/\"><div class=\"over_miniatura\" style=\"background-image:url( https:\/\/www.midea.es\/akdmidea\/wp-content\/uploads\/2022\/03\/Nuevo-proyecto-21.png ); \" >\n\t\t\t\t\t\t<p class=\"txt_over_list\">+ INFO<\/p>\n\t\t\t\t\t\t<\/div><\/a>\n\t\t\t\t\t<figure>\n\t\t\t\t\t\t<img src=https:\/\/www.midea.es\/akdmidea\/wp-content\/uploads\/2022\/03\/Nuevo-proyecto-20.png alt=\"\" >\t\t\t\t\t<\/figure>\n\t\t\t\t\t<div class=\"agenda_date\">\n\t\t\t\t\t\t\t29\/03\/2022,  3:30 pm - 5:30 pm\t\t\t\t\t\t<\/div>\n\t\t\t\t\t<h3><a href=\"https:\/\/www.midea.es\/akdmidea\/events\/sistema-vrf-de-midea\/\">Sistema VRF de Midea<\/a><\/h3>\n\t\t\t\t\t<div class=\"kc-entry_meta\">\n\t\t\t\t\t\t\t\t\t\t\t<\/div>\n\t\t\t\t<!--\t<div class=\"text\">\n\t\t\t\t\t\t\t\t\t\t\t<\/div>-->\n\t\t\t\t\t<div class=\"txt_mas_info\">\n\t\t\t\t\t\t<a href=\"https:\/\/www.midea.es\/akdmidea\/events\/sistema-vrf-de-midea\/\">+ INFO<\/a>\n\n\t\t\t\t\t<\/div>\n\n\t\t\t\t\t\t\t\t\t\t\t<a class=\"kc-read-more\" href=\"https:\/\/www.midea.es\/akdmidea\/events\/sistema-vrf-de-midea\/\">Inscribirse<\/a>\n\t\t\t\t\t\t\t\t\t<\/div>\n\n\t\t\t<\/div>\n\t\t\t\t\t\t<div class=\"list-item post-939 col-sm-6 col-xs-12 col-lg-4\">\n\t\t\t\t<div class=\"post-content\">\n\t\t\t\t\t<a href=\"https:\/\/www.midea.es\/akdmidea\/events\/descubre-el-sistema-de-aerotermia-de-midea\/\"><div class=\"over_miniatura\" style=\"background-image:url( https:\/\/www.midea.es\/akdmidea\/wp-content\/uploads\/2022\/03\/Nuevo-proyecto-19.png ); \" >\n\t\t\t\t\t\t<p class=\"txt_over_list\">+ INFO<\/p>\n\t\t\t\t\t\t<\/div><\/a>\n\t\t\t\t\t<figure>\n\t\t\t\t\t\t<img src=https:\/\/www.midea.es\/akdmidea\/wp-content\/uploads\/2022\/03\/Nuevo-proyecto-18.png alt=\"\" >\t\t\t\t\t<\/figure>\n\t\t\t\t\t<div class=\"agenda_date\">\n\t\t\t\t\t\t\t30\/03\/2022,  3:30 pm - 5:30 pm\t\t\t\t\t\t<\/div>\n\t\t\t\t\t<h3><a href=\"https:\/\/www.midea.es\/akdmidea\/events\/descubre-el-sistema-de-aerotermia-de-midea\/\">Descubre el sistema de aerotermia de Midea<\/a><\/h3>\n\t\t\t\t\t<div class=\"kc-entry_meta\">\n\t\t\t\t\t\t\t\t\t\t\t<\/div>\n\t\t\t\t<!--\t<div class=\"text\">\n\t\t\t\t\t\t\t\t\t\t\t<\/div>-->\n\t\t\t\t\t<div class=\"txt_mas_info\">\n\t\t\t\t\t\t<a href=\"https:\/\/www.midea.es\/akdmidea\/events\/descubre-el-sistema-de-aerotermia-de-midea\/\">+ INFO<\/a>\n\n\t\t\t\t\t<\/div>\n\n\t\t\t\t\t\t\t\t\t\t\t<a class=\"kc-read-more\" href=\"https:\/\/www.midea.es\/akdmidea\/events\/descubre-el-sistema-de-aerotermia-de-midea\/\">Inscribirse<\/a>\n\t\t\t\t\t\t\t\t\t<\/div>\n\n\t\t\t<\/div>\n\t\t\t\t\t\t<div class=\"list-item post-921 col-sm-6 col-xs-12 col-lg-4\">\n\t\t\t\t<div class=\"post-content\">\n\t\t\t\t\t<a href=\"https:\/\/www.midea.es\/akdmidea\/events\/descubre-la-gama-domestica-de-midea\/\"><div class=\"over_miniatura\" style=\"background-image:url(  ); \" >\n\t\t\t\t\t\t<p class=\"txt_over_list\">+ INFO<\/p>\n\t\t\t\t\t\t<\/div><\/a>\n\t\t\t\t\t<figure>\n\t\t\t\t\t\t<img src=https:\/\/www.midea.es\/akdmidea\/wp-content\/uploads\/2021\/11\/Webinar-gama-residencial.png alt=\"\" >\t\t\t\t\t<\/figure>\n\t\t\t\t\t<div class=\"agenda_date\">\n\t\t\t\t\t\t\t15\/11\/2021 - 15\/12\/2021,  3:30 pm - 4:30 pm\t\t\t\t\t\t<\/div>\n\t\t\t\t\t<h3><a href=\"https:\/\/www.midea.es\/akdmidea\/events\/descubre-la-gama-domestica-de-midea\/\">Descubre la gama dom\u00e9stica de Midea<\/a><\/h3>\n\t\t\t\t\t<div class=\"kc-entry_meta\">\n\t\t\t\t\t\t\t\t\t\t\t<\/div>\n\t\t\t\t<!--\t<div class=\"text\">\n\t\t\t\t\t\t\t\t\t\t\t<\/div>-->\n\t\t\t\t\t<div class=\"txt_mas_info\">\n\t\t\t\t\t\t<a href=\"https:\/\/www.midea.es\/akdmidea\/events\/descubre-la-gama-domestica-de-midea\/\">+ INFO<\/a>\n\n\t\t\t\t\t<\/div>\n\n\t\t\t\t\t\t\t\t\t\t\t<a class=\"kc-read-more\" href=\"https:\/\/www.midea.es\/akdmidea\/events\/descubre-la-gama-domestica-de-midea\/\">Inscribirse<\/a>\n\t\t\t\t\t\t\t\t\t<\/div>\n\n\t\t\t<\/div>\n\t\t\t<\/div><div class=\"kc-elm kc-css-116945 kc_text_block all-textblock\"><\/p>\n<p style=\"text-align: center;\"><a href=\"https:\/\/www.midea.es\/akdmidea\/agenda\/\">Ver toda la agenda<\/a><\/p>\n<p>\n<\/div><\/div><\/div><\/div><\/div><\/section><section data-kc-fullwidth=\"row\" class=\"kc-elm kc-css-547403 kc_row\"><div class=\"kc-row-container  kc-container\"><div class=\"kc-wrap-columns\"><div class=\"kc-elm kc-css-990478 kc_col-sm-6 kc_column kc_col-sm-6\"><div class=\"kc-col-container\"><div class=\"kc-elm kc-css-249241 kc_text_block txt_home_bnn_home\"><\/p>\n<h2 class=\"h2_home_azul\"><strong>AKD<\/strong><span class=\"lite_midea\">Midea<\/span><\/h2>\n<h3 class=\"h3_home_azul\">NO PARES<br \/>DE FORMARTE<\/h3>\n<p class=\"dateAlta\">Date de alta y disfruta de formaci\u00f3n<br \/>de calidad de manera gratuita<\/p>\n<p><a class=\"btn_home\" href=\"https:\/\/www.midea.es\/akdmidea\/registro\/\">DATE DE ALTA<\/a><\/p>\n<p>\n<\/div><\/div><\/div><div class=\"kc-elm kc-css-203744 kc_col-sm-6 kc_column kc_col-sm-6\"><div class=\"kc-col-container\"><\/div><\/div><\/div><\/div><\/section><\/p>\n","protected":false},"excerpt":{"rendered":"<p>15\/11\/2021 &#8211; 15\/12\/2021 @ 3:30 pm &#8211; 4:30 pm &#8211; Requisitos para poder inscribirse en esta formaci\u00f3n: Formaci\u00f3n acad\u00e9mica relacionada con climatizaci\u00f3n: t\u00e9cnico frigorista, ingeniero t\u00e9cnico\/superior o similar.\u00a0 Conocimientos sobre instalaciones de climatizaci\u00f3n y bombas de calor (tecnolog\u00eda frigor\u00edfica, elementos y equipos que componen una instalaci\u00f3n, elementos de control).\u00a0 Contenidos del curso: Requisitos de instalaci\u00f3n: espacios de mantenimiento y circulaci\u00f3n de aire; soportaci\u00f3n, salida de [&#8230;]<\/p>\n","protected":false},"author":1,"featured_media":0,"parent":0,"menu_order":0,"comment_status":"closed","ping_status":"closed","template":"","meta":{"_exactmetrics_skip_tracking":false,"_exactmetrics_sitenote_active":false,"_exactmetrics_sitenote_note":"","_exactmetrics_sitenote_category":0,"footnotes":""},"class_list":["post-24","page","type-page","status-publish","hentry"],"acf":[],"_links":{"self":[{"href":"https:\/\/www.midea.es\/akdmidea\/wp-json\/wp\/v2\/pages\/24","targetHints":{"allow":["GET"]}}],"collection":[{"href":"https:\/\/www.midea.es\/akdmidea\/wp-json\/wp\/v2\/pages"}],"about":[{"href":"https:\/\/www.midea.es\/akdmidea\/wp-json\/wp\/v2\/types\/page"}],"author":[{"embeddable":true,"href":"https:\/\/www.midea.es\/akdmidea\/wp-json\/wp\/v2\/users\/1"}],"replies":[{"embeddable":true,"href":"https:\/\/www.midea.es\/akdmidea\/wp-json\/wp\/v2\/comments?post=24"}],"version-history":[{"count":150,"href":"https:\/\/www.midea.es\/akdmidea\/wp-json\/wp\/v2\/pages\/24\/revisions"}],"predecessor-version":[{"id":952,"href":"https:\/\/www.midea.es\/akdmidea\/wp-json\/wp\/v2\/pages\/24\/revisions\/952"}],"wp:attachment":[{"href":"https:\/\/www.midea.es\/akdmidea\/wp-json\/wp\/v2\/media?parent=24"}],"curies":[{"name":"wp","href":"https:\/\/api.w.org\/{rel}","templated":true}]}}